{"id":42,"date":"2013-03-12T09:35:42","date_gmt":"2013-03-12T08:35:42","guid":{"rendered":"http:\/\/www.afric-invest.com\/?page_id=42"},"modified":"2020-03-20T16:59:38","modified_gmt":"2020-03-20T15:59:38","slug":"legal-notice","status":"publish","type":"page","link":"https:\/\/www.afric-invest.com\/pt\/about-us\/legal-notice\/","title":{"rendered":"Aviso legal"},"content":{"rendered":"<h2>afric-Invest<\/h2>\n<table border=\"0\">\n<tbody>\n<tr>\n<td><u>Organismo Europeu<\/u><br \/>\nDusira UG<br \/>\nMichael Patotschka<br \/>\nDuesseldorfer Str. 74<br \/>\n47051 Duisburg<br \/>\nRen\u00e2nia do Norte-Vestf\u00e1lia<br \/>\nALEMANHA<\/td>\n<td><u>Escrit\u00f3rio africano<\/u><br \/>\nAfona Projects Ltd.<br \/>\nMichael Patotschka<br \/>\nNo.1 Afona Street, Off Ikoba-Hill<br \/>\nBenin City<br \/>\nEdo State<br \/>\nNIG\u00c9RIA<\/td>\n<\/tr>\n<tr>\n<td><u>Escrit\u00f3rio angolano<\/u><br \/>\nNzinga Nimy Cato Servi\u00e7os LDA<br \/>\nMichael Patotschka<br \/>\nCentro Urban Bairro Nzagi No 38<br \/>\nLuanda<br \/>\nANGOLA\n<\/td>\n<td><\/td>\n<\/tr>\n<\/tbody>\n<\/table>\n<table border=\"0\">\n<tbody>\n<tr>\n<td>Phone:<\/td>\n<td>+49 203 7134669<\/td>\n<\/tr>\n<tr>\n<td>Fax:<\/td>\n<td>+49 3212 1006287<\/td>\n<\/tr>\n<tr>\n<td>Cell:<\/td>\n<td>+49 173 7692688<\/td>\n<\/tr>\n<tr>\n<td>E-Mail:<\/td>\n<td><a title=\"Mail\" href=\"mailto:info@afric-invest.com\">info@afric-invest.com<\/a><\/td>\n<\/tr>\n<tr>\n<td>Internet:<\/td>\n<td><a title=\"Afric Invest\" href=\"http:\/\/www.afric-invest.com\/pt\">www.afric-invest.com<\/a><\/td>\n<\/tr>\n<tr>\n<td>Facebook:<\/td>\n<td><a title=\"afric-Invest\" href=\"https:\/\/www.facebook.com\/afric-Invest-384339715109134\">facebook.com\/afric-Invest<\/a><\/td>\n<\/tr>\n<tr>\n<td>Twitter:<\/td>\n<td><a title=\"afric-Invest@africinvest\" href=\"https:\/\/twitter.com\/africinvest\">twitter.com\/africinvest<\/a><\/td>\n<\/tr>\n<tr>\n<td>Register:<\/td>\n<td>HRB 28185<\/td>\n<\/tr>\n<tr>\n<td>Managing directors with power<br \/>\nof representation:<\/td>\n<td><a href=\"mailto:info@afric-invest.com\">Michael Patoschka<\/a><\/td>\n<\/tr>\n<tr>\n<td>Responsible for the content according to<br \/>\n\u00a7 10 Clause 3 of the German Interstate<br \/>\nMedia Service Agreement (MDStV):<\/td>\n<td><a href=\"mailto:info@afric-invest.com\">Michael Patoschka<\/a><br \/>\n(Address as stated above)<\/td>\n<\/tr>\n<\/tbody>\n<\/table>\n<p><!--\n\n\n<table border=\"0\" cellspacing=\"4\" cellpadding=\"4\">\n\n\n<tbody>\n\n\n<tr>\n\n\n<th colspan=\"2\">Webmaster<\/th>\n\n\n\n\n<th colspan=\"2\">Hosting<\/th>\n\n\n<\/tr>\n\n\n\n\n<tr>\n\n\n<td><img decoding=\"async\" title=\"Design\" src=\"http:\/\/www.armaturen-technik.com\/media\/images\/AT-editor.jpg\" alt=\"Design\" border=\"0\" \/><\/td>\n\n\n\n\n<td>Patrick Michel\n+49 160 1209073<\/td>\n\n\n\n\n<td><img decoding=\"async\" title=\"Hosting\" src=\"http:\/\/www.armaturen-technik.com\/media\/images\/AT-hosting.jpg\" alt=\"Hosting\" border=\"0\" \/><\/td>\n\n\n\n\n<td><a href=\"http:\/\/www.strato.de\">Strato AG<\/a>\n+49 30 3001460<\/td>\n\n\n<\/tr>\n\n\n\n\n<tr>\n\n\n<td colspan=\"2\"><a href=\"mailto:ptrckmchll@gmail.com\">ptrckmchl(at)gmail.com<\/a><\/td>\n\n\n\n\n<td colspan=\"2\"><a href=\"mailto:webmaster@afric-invest.com\">webmaster(at)afric-invest.com<\/a><\/td>\n\n\n<\/tr>\n\n\n<\/tbody>\n\n\n<\/table>\n\n\n--><\/p>\n<h3>Isen\u00e7\u00e3o de Responsabilidade<\/h3>\n<p>A africa-Invest n\u00e3o aceita qualquer responsabilidade pelo conte\u00fado de websites de terceiros para os quais tem hiperliga\u00e7\u00f5es (links). Os propriet\u00e1rios dos websites s\u00e3o exclusivamente respons\u00e1veis pelo conte\u00fado publicado nos seus pr\u00f3prios websites.","protected":false},"excerpt":{"rendered":"<p>afric-Invest Organismo Europeu Dusira UG Michael Patotschka Duesseldorfer Str. 74 47051 Duisburg Ren\u00e2nia do Norte-Vestf\u00e1lia ALEMANHA Escrit\u00f3rio africano Afona Projects Ltd. Michael Patotschka No.1 Afona Street, Off Ikoba-Hill Benin City Edo State NIG\u00c9RIA Escrit\u00f3rio angolano Nzinga Nimy Cato Servi\u00e7os LDA Michael Patotschka Centro Urban Bairro Nzagi No 38 Luanda ANGOLA Phone: +49 203 7134669 Fax: &hellip; <a href=\"https:\/\/www.afric-invest.com\/pt\/about-us\/legal-notice\/\" class=\"more-link\">Continuar a ler<span class=\"screen-reader-text\">Aviso legal<\/span> <span class=\"meta-nav\">&rarr;<\/span><\/a><\/p>\n","protected":false},"author":2,"featured_media":0,"parent":188,"menu_order":2,"comment_status":"closed","ping_status":"closed","template":"","meta":{"footnotes":""},"class_list":["post-42","page","type-page","status-publish","hentry"],"_links":{"self":[{"href":"https:\/\/www.afric-invest.com\/pt\/wp-json\/wp\/v2\/pages\/42","targetHints":{"allow":["GET"]}}],"collection":[{"href":"https:\/\/www.afric-invest.com\/pt\/wp-json\/wp\/v2\/pages"}],"about":[{"href":"https:\/\/www.afric-invest.com\/pt\/wp-json\/wp\/v2\/types\/page"}],"author":[{"embeddable":true,"href":"https:\/\/www.afric-invest.com\/pt\/wp-json\/wp\/v2\/users\/2"}],"replies":[{"embeddable":true,"href":"https:\/\/www.afric-invest.com\/pt\/wp-json\/wp\/v2\/comments?post=42"}],"version-history":[{"count":185,"href":"https:\/\/www.afric-invest.com\/pt\/wp-json\/wp\/v2\/pages\/42\/revisions"}],"predecessor-version":[{"id":2976,"href":"https:\/\/www.afric-invest.com\/pt\/wp-json\/wp\/v2\/pages\/42\/revisions\/2976"}],"up":[{"embeddable":true,"href":"https:\/\/www.afric-invest.com\/pt\/wp-json\/wp\/v2\/pages\/188"}],"wp:attachment":[{"href":"https:\/\/www.afric-invest.com\/pt\/wp-json\/wp\/v2\/media?parent=42"}],"curies":[{"name":"wp","href":"https:\/\/api.w.org\/{rel}","templated":true}]}}