{"id":2051,"date":"2017-06-28T13:27:28","date_gmt":"2017-06-28T11:27:28","guid":{"rendered":"https:\/\/www.afric-invest.com\/?page_id=2051"},"modified":"2024-02-16T16:00:33","modified_gmt":"2024-02-16T15:00:33","slug":"make-your-inquiry","status":"publish","type":"page","link":"https:\/\/www.afric-invest.com\/pt\/make-your-inquiry\/","title":{"rendered":"Fa\u00e7a sua consulta"},"content":{"rendered":"Concordo com os termos.<\/label><\/fieldset>\t\t\n\t\t<div id=\"usp-submit\">\n\t\t\t\t\t\t\n\t\t\t<input type=\"hidden\" class=\"usp-hidden\" name=\"redirect-override\" value=\"https:\/\/www.afric-invest.com\/category\/offers\/\">\n\t\t\t\t\t\t\t\t\t\t\t\t\t\t\t\t\t\t\n\t\t\t<input type=\"hidden\" class=\"usp-hidden\" name=\"user-submitted-category\" value=\"50\">\n\t\t\t\t\t\t\n\t\t\t<input type=\"submit\" class=\"usp-submit\" id=\"user-submitted-post\" name=\"user-submitted-post\" value=\"Enviar publica\u00e7\u00e3o\">\n\t\t\t<input type=\"hidden\" id=\"usp-nonce\" name=\"usp-nonce\" value=\"449426a296\" \/>\t\t\t\n\t\t<\/div>\n\t\t\n\t<\/form>\n<\/div>\n<script>(function(){var e = document.getElementById('usp_verify'); if(e) e.parentNode.removeChild(e);})();<\/script>\n\nConcordo com os termos.<\/label><\/fieldset>\t\t\n\t\t<div id=\"usp-submit\">\n\t\t\t\t\t\t\n\t\t\t<input type=\"hidden\" class=\"usp-hidden\" name=\"redirect-override\" value=\"https:\/\/www.afric-invest.com\/category\/offers\/\">\n\t\t\t\t\t\t\t\t\t\t\t\t\t\t\t\t\t\t\n\t\t\t<input type=\"hidden\" class=\"usp-hidden\" name=\"user-submitted-category\" value=\"50\">\n\t\t\t\t\t\t\n\t\t\t<input type=\"submit\" class=\"usp-submit\" id=\"user-submitted-post\" name=\"user-submitted-post\" value=\"Enviar publica\u00e7\u00e3o\">\n\t\t\t<input type=\"hidden\" id=\"usp-nonce\" name=\"usp-nonce\" value=\"449426a296\" \/>\t\t\t\n\t\t<\/div>\n\t\t\n\t<\/form>\n<\/div>\n<script>(function(){var e = document.getElementById('usp_verify'); if(e) e.parentNode.removeChild(e);})();<\/script>\n\nConcordo com os termos.<\/label><\/fieldset>\t\t\n\t\t<div id=\"usp-submit\">\n\t\t\t\t\t\t\n\t\t\t<input type=\"hidden\" class=\"usp-hidden\" name=\"redirect-override\" value=\"https:\/\/www.afric-invest.com\/category\/offers\/\">\n\t\t\t\t\t\t\t\t\t\t\t\t\t\t\t\t\t\t\n\t\t\t<input type=\"hidden\" class=\"usp-hidden\" name=\"user-submitted-category\" value=\"50\">\n\t\t\t\t\t\t\n\t\t\t<input type=\"submit\" class=\"usp-submit\" id=\"user-submitted-post\" name=\"user-submitted-post\" value=\"Enviar publica\u00e7\u00e3o\">\n\t\t\t<input type=\"hidden\" id=\"usp-nonce\" name=\"usp-nonce\" value=\"449426a296\" \/>\t\t\t\n\t\t<\/div>\n\t\t\n\t<\/form>\n<\/div>\n<script>(function(){var e = document.getElementById('usp_verify'); if(e) e.parentNode.removeChild(e);})();<\/script>\n\nS\u00f3 aceitamos contribui\u00e7\u00f5es relacionadas com o tema<br \/>\n\n<!-- User Submitted Posts @ https:\/\/m0n.co\/usp -->\n\n<div id=\"user-submitted-posts\">\n\t\t\n\t<form id=\"usp_form\" method=\"post\" enctype=\"multipart\/form-data\" action=\"\">\n\t\t<div id=\"usp-error-message\" class=\"usp-callout-failure usp-hidden\">Por favor, preencha os campos obrigat\u00f3rios.<\/div>\n\t\t\t\t\n\t\t<fieldset class=\"usp-name\">\n\t\t\t<label for=\"user-submitted-name\">Seu nome<\/label>\n\t\t\t<input id=\"user-submitted-name\" name=\"user-submitted-name\" type=\"text\" value=\"\" placeholder=\"Seu nome\" data-required=\"true\" required class=\"usp-input\">\n\t\t<\/fieldset>\n\t\t\t\t\n\t\t<fieldset class=\"usp-email\">\n\t\t\t<label for=\"user-submitted-email\">Seu e-mail<\/label>\n\t\t\t<input id=\"user-submitted-email\" name=\"user-submitted-email\" type=\"email\" data-parsley-type=\"email\" value=\"\" placeholder=\"Seu e-mail\" data-required=\"true\" required class=\"usp-input\">\n\t\t<\/fieldset>\n\t\t\t\t\n\t\t<fieldset class=\"usp-title\">\n\t\t\t<label for=\"user-submitted-title\">T\u00edtulo da publica\u00e7\u00e3o<\/label>\n\t\t\t<input id=\"user-submitted-title\" name=\"user-submitted-title\" type=\"text\" value=\"\" placeholder=\"T\u00edtulo da publica\u00e7\u00e3o\" data-required=\"true\" required class=\"usp-input\">\n\t\t<\/fieldset>\n\t\t\t\t\n<!--\t\t\n\t\t\t\t<fieldset class=\"usp-custom\">\n\t\t\t<label for=\"user-submitted-custom\"><\/label>\n\t\t\t<input id=\"user-submitted-custom\" name=\"\" type=\"text\" value=\"\" placeholder=\"\" class=\"usp-input\">\n\t\t<\/fieldset>\n\t\t\t\t\n\t\t<fieldset class=\"usp-custom-2\">\n\t\t\t<label for=\"user-submitted-custom-2\"><\/label>\n\t\t\t<input id=\"user-submitted-custom-2\" name=\"\" type=\"text\" value=\"\" placeholder=\"\" class=\"usp-input\">\n\t\t<\/fieldset>\n\t\t-->\n\t\t\n\t\t\t\t\n\t\t<fieldset class=\"usp-captcha\">\n\t\t\t<label for=\"user-submitted-captcha\">1 + 1  =<\/label>\n\t\t\t<input id=\"user-submitted-captcha\" name=\"user-submitted-captcha\" type=\"text\" value=\"\" placeholder=\"Pergunta sobre antispam\" data-required=\"true\" required class=\"usp-input user-submitted-captcha\" data-parsley-excluded=\"true\">\n\t\t<\/fieldset>\n\t\t\t\t\n\t\t<fieldset class=\"usp-content\">\n\t\t\t\t\t\t\t\n\t\t\t<label for=\"user-submitted-content\">Conte\u00fado da publica\u00e7\u00e3o<\/label>\n\t\t\t<textarea id=\"user-submitted-content\" name=\"user-submitted-content\" rows=\"5\" placeholder=\"Conte\u00fado da publica\u00e7\u00e3o\" data-required=\"true\" required class=\"usp-textarea\"><\/textarea>\n\t\t\t\t\t\t\n\t\t<\/fieldset>\n\t\t\t\t\t\t\n\t\t<fieldset class=\"usp-images\">\n\t\t\t<label for=\"user-submitted-image\">Carregar uma imagem<\/label>\n\t\t\t<div id=\"usp-upload-message\">Por favor, seleccione as suas fotografias para carregar.<\/div>\n\t\t\t<div id=\"user-submitted-image\">\n\t\t\t\t\t\t\t\n\t\t\t\t<input name=\"user-submitted-image[]\" type=\"file\" size=\"25\" class=\"usp-input usp-clone\" data-parsley-excluded=\"true\" accept=\"image\/*\">\n\t\t\t\t<a href=\"#\" id=\"usp_add-another\" class=\"usp-no-js\">Adicionar outra imagem<\/a>\t\t\t\t\t\t\t\n\t\t\t<\/div>\n\t\t\t<input type=\"hidden\" class=\"usp-hidden\" id=\"usp-min-images\" name=\"usp-min-images\" value=\"0\">\n\t\t\t<input type=\"hidden\" class=\"usp-hidden\" id=\"usp-max-images\" name=\"usp-max-images\" value=\"1\">\n\t\t<\/fieldset>\n\t\t\t\t\t\t\n\t\t<fieldset id=\"usp_verify\" style=\"display:none;\">\n\t\t\t<label for=\"user-submitted-verify\">Verifica\u00e7\u00e3o humana: deixe este campo em branco.<\/label>\n\t\t\t<input id=\"user-submitted-verify\" name=\"user-submitted-verify\" type=\"text\" value=\"\" data-parsley-excluded=\"true\">\n\t\t<\/fieldset>\n\t\t\n\t\t<fieldset class=\"usp-checkbox\"><input id=\"user-submitted-checkbox\" name=\"usp_custom_checkbox\" type=\"checkbox\" value=\"\"> <label for=\"user-submitted-checkbox\">Concordo com os termos.<\/label><\/fieldset>\t\t\n\t\t<div id=\"usp-submit\">\n\t\t\t\t\t\t\n\t\t\t<input type=\"hidden\" class=\"usp-hidden\" name=\"redirect-override\" value=\"https:\/\/www.afric-invest.com\/category\/offers\/\">\n\t\t\t\t\t\t\t\t\t\t\t\t\t\t\t\t\t\t\n\t\t\t<input type=\"hidden\" class=\"usp-hidden\" name=\"user-submitted-category\" value=\"50\">\n\t\t\t\t\t\t\n\t\t\t<input type=\"submit\" class=\"usp-submit\" id=\"user-submitted-post\" name=\"user-submitted-post\" value=\"Enviar publica\u00e7\u00e3o\">\n\t\t\t<input type=\"hidden\" id=\"usp-nonce\" name=\"usp-nonce\" value=\"449426a296\" \/>\t\t\t\n\t\t<\/div>\n\t\t\n\t<\/form>\n<\/div>\n<script>(function(){var e = document.getElementById('usp_verify'); if(e) e.parentNode.removeChild(e);})();<\/script>\n\nConcordo com os termos.<\/label><\/fieldset>\t\t\n\t\t<div id=\"usp-submit\">\n\t\t\t\t\t\t\n\t\t\t<input type=\"hidden\" class=\"usp-hidden\" name=\"redirect-override\" value=\"https:\/\/www.afric-invest.com\/category\/offers\/\">\n\t\t\t\t\t\t\t\t\t\t\t\t\t\t\t\t\t\t\n\t\t\t<input type=\"hidden\" class=\"usp-hidden\" name=\"user-submitted-category\" value=\"50\">\n\t\t\t\t\t\t\n\t\t\t<input type=\"submit\" class=\"usp-submit\" id=\"user-submitted-post\" name=\"user-submitted-post\" value=\"Enviar publica\u00e7\u00e3o\">\n\t\t\t<input type=\"hidden\" id=\"usp-nonce\" name=\"usp-nonce\" value=\"449426a296\" \/>\t\t\t\n\t\t<\/div>\n\t\t\n\t<\/form>\n<\/div>\n<script>(function(){var e = document.getElementById('usp_verify'); if(e) e.parentNode.removeChild(e);})();<\/script>","protected":false},"excerpt":{"rendered":"<p>S\u00f3 aceitamos contribui\u00e7\u00f5es relacionadas com o tema<\/p>\n","protected":false},"author":1,"featured_media":0,"parent":0,"menu_order":0,"comment_status":"closed","ping_status":"closed","template":"","meta":{"footnotes":""},"class_list":["post-2051","page","type-page","status-publish","hentry"],"_links":{"self":[{"href":"https:\/\/www.afric-invest.com\/pt\/wp-json\/wp\/v2\/pages\/2051","targetHints":{"allow":["GET"]}}],"collection":[{"href":"https:\/\/www.afric-invest.com\/pt\/wp-json\/wp\/v2\/pages"}],"about":[{"href":"https:\/\/www.afric-invest.com\/pt\/wp-json\/wp\/v2\/types\/page"}],"author":[{"embeddable":true,"href":"https:\/\/www.afric-invest.com\/pt\/wp-json\/wp\/v2\/users\/1"}],"replies":[{"embeddable":true,"href":"https:\/\/www.afric-invest.com\/pt\/wp-json\/wp\/v2\/comments?post=2051"}],"version-history":[{"count":21,"href":"https:\/\/www.afric-invest.com\/pt\/wp-json\/wp\/v2\/pages\/2051\/revisions"}],"predecessor-version":[{"id":3865,"href":"https:\/\/www.afric-invest.com\/pt\/wp-json\/wp\/v2\/pages\/2051\/revisions\/3865"}],"wp:attachment":[{"href":"https:\/\/www.afric-invest.com\/pt\/wp-json\/wp\/v2\/media?parent=2051"}],"curies":[{"name":"wp","href":"https:\/\/api.w.org\/{rel}","templated":true}]}}