{"id":188,"date":"2013-04-18T11:48:31","date_gmt":"2013-04-18T09:48:31","guid":{"rendered":"http:\/\/www.afric-invest.com\/?page_id=188"},"modified":"2024-03-07T17:38:29","modified_gmt":"2024-03-07T16:38:29","slug":"about-us","status":"publish","type":"page","link":"https:\/\/www.afric-invest.com\/pt\/about-us\/","title":{"rendered":"Sobre n\u00f3s"},"content":{"rendered":"<img loading=\"lazy\" decoding=\"async\" class=\"alignleft size-thumbnail wp-image-513\" src=\"http:\/\/www.afric-invest.com\/wp-content\/uploads\/logo-150x150.png\" alt=\"logo\" width=\"150\" height=\"150\" srcset=\"https:\/\/www.afric-invest.com\/wp-content\/uploads\/logo-150x150.png 150w, https:\/\/www.afric-invest.com\/wp-content\/uploads\/logo-100x100.png 100w, https:\/\/www.afric-invest.com\/wp-content\/uploads\/logo-300x300.png 300w, https:\/\/www.afric-invest.com\/wp-content\/uploads\/logo.png 362w\" sizes=\"auto, (max-width: 150px) 100vw, 150px\" \/>A afric-Invest \u00e9 uma iniciativa da empresa <a href=\"\/pt\/legal-notice\">Afona Projects Ltd.<\/a>, que tem por objetivo suscitar mais neg\u00f3cios para trabalhar em parceria com empresas africanas locais para fazer crescer mercados e desenvolver empresas. Ao desafiar perce\u00e7\u00f5es err\u00f3neas e ao mostrar uma imagem global do potencial de \u00c1frica, a afric-Invest ir\u00e1 remover barreiras a potenciais novos investidores, promover o continente enquanto l\u00edder de destino de investimento e construir uma parceria inovadora de neg\u00f3cios que viram, para si pr\u00f3prios, as oportunidades e o potencial em \u00c1frica.<\/p>\n<p>Good economic management can make a contribution to poverty reduction, but only widespread strategically placed business investments made in the spirit of partnerships with government and the private sector can create sufficient wealth for African nations to achieve their Millennium Development Goals.<\/p>\n<p>Africa is home to nearly one-fifth of the world&#8217;s natural resources and more than half a billion people. As european commercial relations continue to grow with many African economies, an increasing number of companies are recognizing the opportunities on the continent for mutually beneficial business partnerships and investments. The key to unlocking these opportunities is to develop and identify financing for these projects and strong partnerships both regionally (in Africa) and locally. afric-Invest advises both African, and businesses and governments on how to identify, develop and leverage these opportunities by giving them an understanding of:<\/p>\n<ol>\n<li>O que os investidores est\u00e3o procurando.<\/li>\n<li>Como identificar, desenvolver \/ estrutura e criar valor para os seus projectos.<\/li>\n<li>Como identificar os investidores e financiamentos.<\/li>\n<li>Como estruturar parcerias com as empresas e governo africanos e alem\u00e3es.<\/li>\n<\/ol>\n<p><img decoding=\"async\" src=\"https:\/\/www.afric-invest.com\/wp-content\/uploads\/CERT.-AFONA-PROJECTS-LIMITED.jpg\" alt=\"Certificate\" \/>","protected":false},"excerpt":{"rendered":"<p>A afric-Invest \u00e9 uma iniciativa da empresa Afona Projects Ltd., que tem por objetivo suscitar mais neg\u00f3cios para trabalhar em parceria com empresas africanas locais para fazer crescer mercados e desenvolver empresas. Ao desafiar perce\u00e7\u00f5es err\u00f3neas e ao mostrar uma imagem global do potencial de \u00c1frica, a afric-Invest ir\u00e1 remover barreiras a potenciais novos investidores, &hellip; <a href=\"https:\/\/www.afric-invest.com\/pt\/about-us\/\" class=\"more-link\">Continuar a ler<span class=\"screen-reader-text\">Sobre n\u00f3s<\/span> <span class=\"meta-nav\">&rarr;<\/span><\/a><\/p>\n","protected":false},"author":2,"featured_media":0,"parent":0,"menu_order":5,"comment_status":"closed","ping_status":"closed","template":"","meta":{"footnotes":""},"class_list":["post-188","page","type-page","status-publish","hentry"],"_links":{"self":[{"href":"https:\/\/www.afric-invest.com\/pt\/wp-json\/wp\/v2\/pages\/188","targetHints":{"allow":["GET"]}}],"collection":[{"href":"https:\/\/www.afric-invest.com\/pt\/wp-json\/wp\/v2\/pages"}],"about":[{"href":"https:\/\/www.afric-invest.com\/pt\/wp-json\/wp\/v2\/types\/page"}],"author":[{"embeddable":true,"href":"https:\/\/www.afric-invest.com\/pt\/wp-json\/wp\/v2\/users\/2"}],"replies":[{"embeddable":true,"href":"https:\/\/www.afric-invest.com\/pt\/wp-json\/wp\/v2\/comments?post=188"}],"version-history":[{"count":76,"href":"https:\/\/www.afric-invest.com\/pt\/wp-json\/wp\/v2\/pages\/188\/revisions"}],"predecessor-version":[{"id":3936,"href":"https:\/\/www.afric-invest.com\/pt\/wp-json\/wp\/v2\/pages\/188\/revisions\/3936"}],"wp:attachment":[{"href":"https:\/\/www.afric-invest.com\/pt\/wp-json\/wp\/v2\/media?parent=188"}],"curies":[{"name":"wp","href":"https:\/\/api.w.org\/{rel}","templated":true}]}}