{"id":37,"date":"2013-02-06T20:04:16","date_gmt":"2013-02-06T19:04:16","guid":{"rendered":"http:\/\/afric-invest.servehttp.com\/?page_id=37"},"modified":"2018-11-20T10:28:09","modified_gmt":"2018-11-20T09:28:09","slug":"federal-republic-of-nigeria","status":"publish","type":"page","link":"https:\/\/www.afric-invest.com\/fr\/investments\/federal-republic-of-nigeria\/","title":{"rendered":"R\u00e9publique f\u00e9d\u00e9rale du Nigeria"},"content":{"rendered":"<p class=\"qtranxs-available-languages-message qtranxs-available-languages-message-fr\">D\u00e9sol\u00e9, cet article est seulement disponible en <a href=\"https:\/\/www.afric-invest.com\/en\/wp-json\/wp\/v2\/pages\/37\" class=\"qtranxs-available-language-link qtranxs-available-language-link-en\" title=\"English\">English<\/a> et <a href=\"https:\/\/www.afric-invest.com\/de\/wp-json\/wp\/v2\/pages\/37\" class=\"qtranxs-available-language-link qtranxs-available-language-link-de\" title=\"Deutsch\">Deutsch<\/a>.<\/p>","protected":false},"excerpt":{"rendered":"<p>D\u00e9sol\u00e9, cet article est seulement disponible en English et Deutsch.<\/p>\n","protected":false},"author":1,"featured_media":0,"parent":5,"menu_order":2,"comment_status":"closed","ping_status":"closed","template":"","meta":{"footnotes":""},"class_list":["post-37","page","type-page","status-publish","hentry"],"_links":{"self":[{"href":"https:\/\/www.afric-invest.com\/fr\/wp-json\/wp\/v2\/pages\/37","targetHints":{"allow":["GET"]}}],"collection":[{"href":"https:\/\/www.afric-invest.com\/fr\/wp-json\/wp\/v2\/pages"}],"about":[{"href":"https:\/\/www.afric-invest.com\/fr\/wp-json\/wp\/v2\/types\/page"}],"author":[{"embeddable":true,"href":"https:\/\/www.afric-invest.com\/fr\/wp-json\/wp\/v2\/users\/1"}],"replies":[{"embeddable":true,"href":"https:\/\/www.afric-invest.com\/fr\/wp-json\/wp\/v2\/comments?post=37"}],"version-history":[{"count":25,"href":"https:\/\/www.afric-invest.com\/fr\/wp-json\/wp\/v2\/pages\/37\/revisions"}],"predecessor-version":[{"id":1577,"href":"https:\/\/www.afric-invest.com\/fr\/wp-json\/wp\/v2\/pages\/37\/revisions\/1577"}],"up":[{"embeddable":true,"href":"https:\/\/www.afric-invest.com\/fr\/wp-json\/wp\/v2\/pages\/5"}],"wp:attachment":[{"href":"https:\/\/www.afric-invest.com\/fr\/wp-json\/wp\/v2\/media?parent=37"}],"curies":[{"name":"wp","href":"https:\/\/api.w.org\/{rel}","templated":true}]}}