{"id":188,"date":"2013-04-18T11:48:31","date_gmt":"2013-04-18T09:48:31","guid":{"rendered":"http:\/\/www.afric-invest.com\/?page_id=188"},"modified":"2024-03-07T17:38:29","modified_gmt":"2024-03-07T16:38:29","slug":"about-us","status":"publish","type":"page","link":"https:\/\/www.afric-invest.com\/fr\/about-us\/","title":{"rendered":"\u00c0 propos de nous"},"content":{"rendered":"<img loading=\"lazy\" decoding=\"async\" class=\"alignleft size-thumbnail wp-image-513\" src=\"http:\/\/www.afric-invest.com\/wp-content\/uploads\/logo-150x150.png\" alt=\"logo\" width=\"150\" height=\"150\" srcset=\"https:\/\/www.afric-invest.com\/wp-content\/uploads\/logo-150x150.png 150w, https:\/\/www.afric-invest.com\/wp-content\/uploads\/logo-100x100.png 100w, https:\/\/www.afric-invest.com\/wp-content\/uploads\/logo-300x300.png 300w, https:\/\/www.afric-invest.com\/wp-content\/uploads\/logo.png 362w\" sizes=\"auto, (max-width: 150px) 100vw, 150px\" \/>afric-Invest est une initiative lanc\u00e9e par la soci\u00e9t\u00e9 <a href=\"\/fr\/legal-notice\">Afona Projects Ltd.<\/a> qui incite des entreprises \u00e0 cro\u00eetre sur les march\u00e9s, conjointement avec des entreprises africaines locales, dans le cadre d\u2019un partenariat. Pour parer \u00e0 tout malentendu, afric-invest pr\u00e9sente un aper\u00e7u complet du potentiel du continent africain et \u00e9limine les obstacles \u00e0 surmonter pour de nouveaux investisseurs potentiels. La promotion de ce continent constitue l\u2019un des objectifs majeurs pour les investisseurs qui souhaitent cr\u00e9er un partenariat commercial innovant et ont reconnu \u00e0 juste titre les opportunit\u00e9s et les potentiels que pr\u00e9sente l\u2019Afrique.<\/p>\n<p>Good economic management can make a contribution to poverty reduction, but only widespread strategically placed business investments made in the spirit of partnerships with government and the private sector can create sufficient wealth for African nations to achieve their Millennium Development Goals.<\/p>\n<p>Africa is home to nearly one-fifth of the world&rsquo;s natural resources and more than half a billion people. As european commercial relations continue to grow with many African economies, an increasing number of companies are recognizing the opportunities on the continent for mutually beneficial business partnerships and investments. The key to unlocking these opportunities is to develop and identify financing for these projects and strong partnerships both regionally (in Africa) and locally. afric-Invest advises both African, and businesses and governments on how to identify, develop and leverage these opportunities by giving them an understanding of:<\/p>\n<ol>\n<li>Ce que les investisseurs sont \u00e0 la recherche pour.<\/li>\n<li>Comment identifier, d\u00e9velopper \/ structure et cr\u00e9er de la valeur pour leurs projets.<\/li>\n<li>Comment identifier les investisseurs et financement.<\/li>\n<li>Comment structurer des partenariats avec des entreprises et de gouvernement africains et allemands.<\/li>\n<\/ol>\n<p><img decoding=\"async\" src=\"https:\/\/www.afric-invest.com\/wp-content\/uploads\/CERT.-AFONA-PROJECTS-LIMITED.jpg\" alt=\"Certificate\" \/>","protected":false},"excerpt":{"rendered":"<p>afric-Invest est une initiative lanc\u00e9e par la soci\u00e9t\u00e9 Afona Projects Ltd. qui incite des entreprises \u00e0 cro\u00eetre sur les march\u00e9s, conjointement avec des entreprises africaines locales, dans le cadre d\u2019un partenariat. Pour parer \u00e0 tout malentendu, afric-invest pr\u00e9sente un aper\u00e7u complet du potentiel du continent africain et \u00e9limine les obstacles \u00e0 surmonter pour de nouveaux &hellip; <a href=\"https:\/\/www.afric-invest.com\/fr\/about-us\/\" class=\"more-link\">Continuer la lecture de <span class=\"screen-reader-text\">\u00c0 propos de nous<\/span>  <span class=\"meta-nav\">&rarr;<\/span><\/a><\/p>\n","protected":false},"author":2,"featured_media":0,"parent":0,"menu_order":5,"comment_status":"closed","ping_status":"closed","template":"","meta":{"footnotes":""},"class_list":["post-188","page","type-page","status-publish","hentry"],"_links":{"self":[{"href":"https:\/\/www.afric-invest.com\/fr\/wp-json\/wp\/v2\/pages\/188","targetHints":{"allow":["GET"]}}],"collection":[{"href":"https:\/\/www.afric-invest.com\/fr\/wp-json\/wp\/v2\/pages"}],"about":[{"href":"https:\/\/www.afric-invest.com\/fr\/wp-json\/wp\/v2\/types\/page"}],"author":[{"embeddable":true,"href":"https:\/\/www.afric-invest.com\/fr\/wp-json\/wp\/v2\/users\/2"}],"replies":[{"embeddable":true,"href":"https:\/\/www.afric-invest.com\/fr\/wp-json\/wp\/v2\/comments?post=188"}],"version-history":[{"count":76,"href":"https:\/\/www.afric-invest.com\/fr\/wp-json\/wp\/v2\/pages\/188\/revisions"}],"predecessor-version":[{"id":3936,"href":"https:\/\/www.afric-invest.com\/fr\/wp-json\/wp\/v2\/pages\/188\/revisions\/3936"}],"wp:attachment":[{"href":"https:\/\/www.afric-invest.com\/fr\/wp-json\/wp\/v2\/media?parent=188"}],"curies":[{"name":"wp","href":"https:\/\/api.w.org\/{rel}","templated":true}]}}