{"id":3501,"date":"2024-01-22T00:49:24","date_gmt":"2024-01-21T23:49:24","guid":{"rendered":"https:\/\/www.afric-invest.com\/?post_type=product&#038;p=3501"},"modified":"2024-01-22T01:01:32","modified_gmt":"2024-01-22T00:01:32","slug":"diamonds","status":"publish","type":"product","link":"https:\/\/www.afric-invest.com\/de\/product\/diamonds\/","title":{"rendered":"Rohdiamanten"},"content":{"rendered":"Ein Diamant ist ein <a title=\"Edelstein\" href=\"https:\/\/klexikon.zum.de\/wiki\/Edelstein\">Edelstein<\/a>. Er besteht, genau wie <a title=\"Kohle\" href=\"https:\/\/klexikon.zum.de\/wiki\/Kohle\">Kohle<\/a>, aus <a title=\"Kohlenstoff\" href=\"https:\/\/klexikon.zum.de\/wiki\/Kohlenstoff\">Kohlenstoff<\/a>. Allerdings sind Diamanten weit teurer als Kohle, weil sie nur sehr selten vorkommen.<\/p>\n<p>Man findet Diamanten in der <a title=\"Erdboden\" href=\"https:\/\/klexikon.zum.de\/wiki\/Erdboden\">Erde<\/a>. Dort treten sie h\u00e4ufig vermischt mit anderen Stoffen auf. Je nachdem, mit welchem Stoff sie vermischt sind, haben sie eine andere <a title=\"Farbe\" href=\"https:\/\/klexikon.zum.de\/wiki\/Farbe\">Farbe<\/a>. Darum gibt es gr\u00fcne, rosa, blaue oder gelbe Diamanten. Ein Diamant aus reinem <a title=\"Kohlenstoff\" href=\"https:\/\/klexikon.zum.de\/wiki\/Kohlenstoff\">Kohlenstoff<\/a> ist aber durchsichtig. Weil sie so wertvoll sind und glitzern, werden Diamanten gern als <a title=\"Schmuck\" href=\"https:\/\/klexikon.zum.de\/wiki\/Schmuck\">Schmuck<\/a> verwendet.<\/p>\n<p>Diamanten sind meistens Oktaeder, sie haben also acht Seiten. Man hat aber auch schon zw\u00f6lfseitige, vierseitige oder w\u00fcrfelf\u00f6rmige, also sechsseitige gefunden. Wenn man Diamanten in einem <a class=\"mw-redirect\" title=\"Bergwerk\" href=\"https:\/\/klexikon.zum.de\/wiki\/Bergwerk\">Bergwerk<\/a> unter der <a title=\"Erdboden\" href=\"https:\/\/klexikon.zum.de\/wiki\/Erdboden\">Erde<\/a> abbaut, sind sie meistens noch sehr rau, unf\u00f6rmig und undurchsichtig. Diese Fundst\u00fccke nennt man Rohdiamanten. Richtig wertvoll sind Diamanten erst, wenn sie geschliffen sind. Das wird von so genannten Diamantenschleifern gemacht, deren <a title=\"Beruf\" href=\"https:\/\/klexikon.zum.de\/wiki\/Beruf\">Beruf<\/a> es ist, Rohdiamanten zu schleifen. In geschliffener Form sind Diamanten glatt und durchsichtig.<\/p>\n<p>Diamanten sind au\u00dferdem das h\u00e4rteste Material der <a class=\"mw-redirect\" title=\"Welt\" href=\"https:\/\/klexikon.zum.de\/wiki\/Welt\">Welt<\/a>, das man kennt. Darum kann man mit einem Diamanten sehr harte Sachen zerschneiden oder zerschlagen. Zum Beispiel kann man eine Glasflasche der L\u00e4nge nach aufschneiden. Auch die Bohrer, mit denen man nach <a title=\"Erd\u00f6l\" href=\"https:\/\/klexikon.zum.de\/wiki\/Erd%C3%B6l\">Erd\u00f6l<\/a> bohrt, haben oft eine Spitze aus Diamanten.<\/p>","protected":false},"excerpt":{"rendered":"<p>Ein Diamant ist ein Edelstein. Er besteht, genau wie Kohle, aus Kohlenstoff. Allerdings sind Diamanten weit teurer als Kohle, weil sie nur sehr selten vorkommen. Man findet Diamanten in der Erde. Dort treten sie h\u00e4ufig vermischt mit anderen Stoffen auf. Je nachdem, mit welchem Stoff sie vermischt sind, haben sie eine andere Farbe. Darum gibt &hellip; <a href=\"https:\/\/www.afric-invest.com\/de\/product\/diamonds\/\" class=\"more-link\"><span class=\"screen-reader-text\">Rohdiamanten<\/span> weiterlesen <span class=\"meta-nav\">&rarr;<\/span><\/a><\/p>\n","protected":false},"featured_media":3502,"comment_status":"open","ping_status":"closed","template":"","meta":[],"product_brand":[],"product_cat":[129],"product_tag":[],"class_list":{"0":"post-3501","1":"product","2":"type-product","3":"status-publish","4":"has-post-thumbnail","6":"product_cat-raw-materials","9":"first","10":"instock","11":"taxable","12":"shipping-taxable","13":"product-type-simple"},"_links":{"self":[{"href":"https:\/\/www.afric-invest.com\/de\/wp-json\/wp\/v2\/product\/3501","targetHints":{"allow":["GET"]}}],"collection":[{"href":"https:\/\/www.afric-invest.com\/de\/wp-json\/wp\/v2\/product"}],"about":[{"href":"https:\/\/www.afric-invest.com\/de\/wp-json\/wp\/v2\/types\/product"}],"replies":[{"embeddable":true,"href":"https:\/\/www.afric-invest.com\/de\/wp-json\/wp\/v2\/comments?post=3501"}],"wp:featuredmedia":[{"embeddable":true,"href":"https:\/\/www.afric-invest.com\/de\/wp-json\/wp\/v2\/media\/3502"}],"wp:attachment":[{"href":"https:\/\/www.afric-invest.com\/de\/wp-json\/wp\/v2\/media?parent=3501"}],"wp:term":[{"taxonomy":"product_brand","embeddable":true,"href":"https:\/\/www.afric-invest.com\/de\/wp-json\/wp\/v2\/product_brand?post=3501"},{"taxonomy":"product_cat","embeddable":true,"href":"https:\/\/www.afric-invest.com\/de\/wp-json\/wp\/v2\/product_cat?post=3501"},{"taxonomy":"product_tag","embeddable":true,"href":"https:\/\/www.afric-invest.com\/de\/wp-json\/wp\/v2\/product_tag?post=3501"}],"curies":[{"name":"wp","href":"https:\/\/api.w.org\/{rel}","templated":true}]}}