{"id":3174,"date":"2022-10-15T20:24:21","date_gmt":"2022-10-15T18:24:21","guid":{"rendered":"https:\/\/www.afric-invest.com\/?post_type=product&#038;p=3174"},"modified":"2026-04-13T04:32:30","modified_gmt":"2026-04-13T02:32:30","slug":"cotton","status":"publish","type":"product","link":"https:\/\/www.afric-invest.com\/de\/product\/cotton\/","title":{"rendered":"Baumwolle"},"content":{"rendered":"Baumwolle von Cotton made in Africa wird von Kleinbauern in Subsahara-Afrika unter Beachtung von Nachhaltigkeitskriterien angebaut. Konkret bedeutet das, dass die Baumwolle im Regenfeldanbau mit einem effektiven und verantwortungsvollen Pestizid- und D\u00fcngemitteleinsatz angebaut wird. Die Ernte erfolgt per Hand. Cotton made in Africa hat die Anforderungen an die Anbaumethoden in einem Kriterienkatalog definiert, dessen Einhaltung im Rahmen der Verifizierung regelm\u00e4\u00dfig \u00fcberpr\u00fcft wird.","protected":false},"excerpt":{"rendered":"<p>Baumwolle von Cotton made in Africa wird von Kleinbauern in Subsahara-Afrika unter Beachtung von Nachhaltigkeitskriterien angebaut. Konkret bedeutet das, dass die Baumwolle im Regenfeldanbau mit einem effektiven und verantwortungsvollen Pestizid- und D\u00fcngemitteleinsatz angebaut wird. Die Ernte erfolgt per Hand. Cotton made in Africa hat die Anforderungen an die Anbaumethoden in einem Kriterienkatalog definiert, dessen Einhaltung &hellip; <a href=\"https:\/\/www.afric-invest.com\/de\/product\/cotton\/\" class=\"more-link\"><span class=\"screen-reader-text\">Baumwolle<\/span> weiterlesen <span class=\"meta-nav\">&rarr;<\/span><\/a><\/p>\n","protected":false},"featured_media":3175,"comment_status":"open","ping_status":"closed","template":"","meta":[],"product_brand":[],"product_cat":[135],"product_tag":[],"class_list":{"0":"post-3174","1":"product","2":"type-product","3":"status-publish","4":"has-post-thumbnail","6":"product_cat-agricultural","9":"first","10":"instock","11":"taxable","12":"shipping-taxable","13":"product-type-simple"},"_links":{"self":[{"href":"https:\/\/www.afric-invest.com\/de\/wp-json\/wp\/v2\/product\/3174","targetHints":{"allow":["GET"]}}],"collection":[{"href":"https:\/\/www.afric-invest.com\/de\/wp-json\/wp\/v2\/product"}],"about":[{"href":"https:\/\/www.afric-invest.com\/de\/wp-json\/wp\/v2\/types\/product"}],"replies":[{"embeddable":true,"href":"https:\/\/www.afric-invest.com\/de\/wp-json\/wp\/v2\/comments?post=3174"}],"wp:featuredmedia":[{"embeddable":true,"href":"https:\/\/www.afric-invest.com\/de\/wp-json\/wp\/v2\/media\/3175"}],"wp:attachment":[{"href":"https:\/\/www.afric-invest.com\/de\/wp-json\/wp\/v2\/media?parent=3174"}],"wp:term":[{"taxonomy":"product_brand","embeddable":true,"href":"https:\/\/www.afric-invest.com\/de\/wp-json\/wp\/v2\/product_brand?post=3174"},{"taxonomy":"product_cat","embeddable":true,"href":"https:\/\/www.afric-invest.com\/de\/wp-json\/wp\/v2\/product_cat?post=3174"},{"taxonomy":"product_tag","embeddable":true,"href":"https:\/\/www.afric-invest.com\/de\/wp-json\/wp\/v2\/product_tag?post=3174"}],"curies":[{"name":"wp","href":"https:\/\/api.w.org\/{rel}","templated":true}]}}