{"id":93,"date":"2013-03-14T16:59:42","date_gmt":"2013-03-14T15:59:42","guid":{"rendered":"http:\/\/www.afric-invest.com\/?page_id=93"},"modified":"2018-11-20T10:27:35","modified_gmt":"2018-11-20T09:27:35","slug":"republic-of-mozambique","status":"publish","type":"page","link":"https:\/\/www.afric-invest.com\/de\/investments\/republic-of-mozambique\/","title":{"rendered":"Republik Mosambik"},"content":{"rendered":"<h3>Wirtschaft<\/h3>\n<p>Mosambiks Wirtschaft basiert vorwiegend auf Landwirtschaft. In den 1980er Jahren wurde die Wirtschaft durch den B\u00fcrgerkrieg, die Abwanderung portugiesischer Fachkr\u00e4fte und mehrere D\u00fcrreperioden geschw\u00e4cht. Zu dieser Zeit waren die meisten Plantagen und Industriebetriebe im Besitz des Staates. Erst 1990 f\u00fchrte die Regierung die freie Marktwirtschaft ein.<\/p>\n<p>Die W\u00e4hrung von Mosambik ist der Metical. 1 Metical = 100 Centavos. Bis 2006 entsprach 1 \u20ac ungef\u00e4hr 34.500 Metical, 1 Schweizer Franken 22.300 Metical. Am 1. Juli 2006 wurden der W\u00e4hrung drei Nullen gestrichen. Umrechnung neu: 1 \u20ac entspricht ungef\u00e4hr 34,50 Metical, 1 Schweizer Franken 22,30 Metical.<\/p>\n<h3>Landwirtschaft<\/h3>\n<p>Obwohl \u00fcber 80 % der Erwerbst\u00e4tigen in der Landwirtschaft t\u00e4tig sind, produzieren sie nur 24 % des Bruttoinlandsprodukts. Die wichtigsten landwirtschaftlichen Erzeugnisse sind Cashewn\u00fcsse, Zuckerrohr, Baumwolle und Tee. Angebaut werden au\u00dferdem auch Bananen, Tabak, Zitrusfr\u00fcchte, Sisal und \u00d6lpalmen. Der Versuch, die aus Zentralamerika stammende und als \u00f6kologisch anspruchslos geltende Jatropha-Pflanze zur Gewinnung von Pflanzen\u00f6l in Mosambik gro\u00dffl\u00e4chig zu kultivieren, scheiterte. Eine Projektplantage des deutschen Unternehmens Elaion AG wurde 2011 nach f\u00fcnf Jahren aufgegeben, da die erwarteten wirtschaftlichen Gewinne ausblieben.[26]\n<p>Der Gro\u00dfteil des j\u00e4hrlichen Holzeinschlages wird als Brennstoff verwendet. Die K\u00fcstenfischerei hat sich in den letzten Jahren zu einem wichtigen Wirtschaftsfaktor entwickelt. Gefischt werden haupts\u00e4chlich Thunfisch und Garnelen.<\/p>\n<h3>Bergbau<\/h3>\n<p>Mosambik verf\u00fcgt \u00fcber bedeutende Rohstoffreserven. Es gibt Vorkommen an Steinkohle, Salz, Bauxit, Eisenerz, Gold, Marmor, Erdgas, Titan und Tantal. Im Nordwesten des Landes werden die m\u00f6glicherweise gr\u00f6\u00dften Steinkohlevorkommen der Welt vermutet. 23 Milliarden Tonnen sollen in der Provinz Tete nahe der Grenz zu Malawi lagern. Wegen logistischer Probleme konnten diese Vorkommen bisher nicht genutzt werden. Geplant ist eine 525 Kilometer lange Eisenbahnverbindung, mit der die Kohle an die K\u00fcste der Provinz Zambezia des s\u00fcdostafrikanischen Landes transportiert werden soll. Dort sollen neue Hafenanlagen errichtet werden, die die Verschiffung von 20 Millionen Tonnen Kohle pro Jahr erm\u00f6glichen sollen.[27]\n<p>Die 1998 errichtete Aluminium-H\u00fctte Mozal verarbeitet importiertes Bauxit zu Aluminium, dem mittlerweile wichtigsten Exportgut Mosambiks. Der Betrieb der Schmelze tr\u00e4gt mit 7 % ma\u00dfgeblich zum Bruttoinlandsprodukt Mosambiks bei und hat das Au\u00dfenhandelsdefizit Mosambiks halbiert.<\/p>\n<p>Andere Rohstoffe des Landes werden wenig genutzt. Die Industrie Mosambiks beschr\u00e4nkt sich vor allem auf die Verarbeitung der landwirtschaftlichen Erzeugnisse.","protected":false},"excerpt":{"rendered":"<p>Wirtschaft Mosambiks Wirtschaft basiert vorwiegend auf Landwirtschaft. In den 1980er Jahren wurde die Wirtschaft durch den B\u00fcrgerkrieg, die Abwanderung portugiesischer Fachkr\u00e4fte und mehrere D\u00fcrreperioden geschw\u00e4cht. Zu dieser Zeit waren die meisten Plantagen und Industriebetriebe im Besitz des Staates. Erst 1990 f\u00fchrte die Regierung die freie Marktwirtschaft ein. Die W\u00e4hrung von Mosambik ist der Metical. 1 &hellip; <a href=\"https:\/\/www.afric-invest.com\/de\/investments\/republic-of-mozambique\/\" class=\"more-link\"><span class=\"screen-reader-text\">Republik Mosambik<\/span> weiterlesen <span class=\"meta-nav\">&rarr;<\/span><\/a><\/p>\n","protected":false},"author":2,"featured_media":0,"parent":5,"menu_order":1,"comment_status":"closed","ping_status":"closed","template":"","meta":{"footnotes":""},"class_list":["post-93","page","type-page","status-publish","hentry"],"_links":{"self":[{"href":"https:\/\/www.afric-invest.com\/de\/wp-json\/wp\/v2\/pages\/93","targetHints":{"allow":["GET"]}}],"collection":[{"href":"https:\/\/www.afric-invest.com\/de\/wp-json\/wp\/v2\/pages"}],"about":[{"href":"https:\/\/www.afric-invest.com\/de\/wp-json\/wp\/v2\/types\/page"}],"author":[{"embeddable":true,"href":"https:\/\/www.afric-invest.com\/de\/wp-json\/wp\/v2\/users\/2"}],"replies":[{"embeddable":true,"href":"https:\/\/www.afric-invest.com\/de\/wp-json\/wp\/v2\/comments?post=93"}],"version-history":[{"count":8,"href":"https:\/\/www.afric-invest.com\/de\/wp-json\/wp\/v2\/pages\/93\/revisions"}],"predecessor-version":[{"id":1576,"href":"https:\/\/www.afric-invest.com\/de\/wp-json\/wp\/v2\/pages\/93\/revisions\/1576"}],"up":[{"embeddable":true,"href":"https:\/\/www.afric-invest.com\/de\/wp-json\/wp\/v2\/pages\/5"}],"wp:attachment":[{"href":"https:\/\/www.afric-invest.com\/de\/wp-json\/wp\/v2\/media?parent=93"}],"curies":[{"name":"wp","href":"https:\/\/api.w.org\/{rel}","templated":true}]}}