{"id":5,"date":"2013-01-07T21:48:39","date_gmt":"2013-01-07T20:48:39","guid":{"rendered":"http:\/\/afric-invest.servehttp.com\/?page_id=2"},"modified":"2017-01-14T13:04:43","modified_gmt":"2017-01-14T12:04:43","slug":"investments","status":"publish","type":"page","link":"https:\/\/www.afric-invest.com\/de\/investments\/","title":{"rendered":"Investitionen"},"content":{"rendered":"<img loading=\"lazy\" decoding=\"async\" class=\"alignleft wp-image-504 size-thumbnail\" src=\"http:\/\/www.afric-invest.com\/wp-content\/uploads\/logo-150x150.png\" alt=\"logo\" width=\"150\" height=\"150\" \/>Afrika ist die attraktivste Wachstumsregion in der Welt. F\u00fcr eine lange Zeit blieb der Kontinent der letzte wei\u00dfe Fleck auf der Investitionslandschaft, aber das war die Vergangenheit. Investoren und Unternehmen aus der ganzen Welt beginnen, Afrikas M\u00f6glichkeiten zu erkunden. Es gibt viele Gr\u00fcnde, warum Afrika interessant geworden ist:<\/p>\n<ul>\n<li><strong>Marktgr\u00f6\u00dfe<\/strong>: Afrika ist der zweit gr\u00f6\u00dfte Kontinent in der Welt, mit einer Bev\u00f6lkerung von \u00fcber einer Milliarde Menschen.<\/li>\n<li><strong>Wirtschaftswachstum<\/strong>: Sieben von Zehn der am schnellsten wachsenden L\u00e4ndern werden bis zum Jahr 2015 aus Afrika kommen. Nach unserer Sicht wird diese dynamisch wirtschaftliche Entwicklung mindestens bis zum Jahr 2020 dauerhaft anhalten.<\/li>\n<li><strong>F\u00fclle an Bodensch\u00e4tze<\/strong>: Afrika hat viele Bodensch\u00e4tze, einige von ihnen finden sich \u00fcberwiegend oder fast ausschlie\u00dflich nur in Africa (z.B. Platin, Chrom, Kobalt, Tantal). Gleichzeitig z\u00e4hlt man immer noch viele Regionen des afrikanischen Kontinents zu den am wenigsten erschlo\u00dfenen Gebiete der Welt.<\/li>\n<li><strong>Energiepotential<\/strong>: Afrika bietet hervorragende Perspektiven f\u00fcr die Erzeugung von erneuerbaren Energien: Biomasse, Solarenergie, Wasserkraft und Windenergie.<\/li>\n<li><strong>Demographische Entwicklung<\/strong>: Afrika hat eine junge, dynamisch wachsende Bev\u00f6lkerung, die Impulse in Richtung Expansion geben wird.<\/li>\n<li><strong>Konsumm\u00e4rkte<\/strong>: Die schnell wachsenden Mittelschicht ist in vielen L\u00e4ndern verbrauchsorientiert, was zu einem gr\u00f6\u00dferen Kundenpotenzial f\u00fchrt.<\/li>\n<li><strong>Nachholbedarf<\/strong>: Jahrzehntelange Unterentwicklung hat zu einem riesigen Investitionsbedarf in nahezu allen Wirtschaftsbereichen gef\u00fchrt. Speziell in den Infrastruktur-Bereichen: Strom- und Energieversorgung, Bau, Telekommunikation und Wasserversorgung.<\/li>\n<li><strong>Stabilere Finanzlage<\/strong>: Den afrikanischen Kapitalm\u00e4rkten und Banken erging es besser w\u00e4hrend der weltweiten Finanzkrise als jeder anderen Region in der Welt. Die Auslandsverschuldung (in % des BIP) ist in vielen L\u00e4ndern deutlich niedriger als die der meisten westlichen Volkswirtschaften.<\/li>\n<li><strong>Riesiger Inlandsmarkt<\/strong>: Das gro\u00dfe Potenzial des inner-afrikanischen Handels ist weitgehend ungenutzt. Mehr als 90 % des Au\u00dfenhandels wird derzeit mit Partnern in Europa, Asien und Nord- und S\u00fcdamerika durchgef\u00fchrt. Diese geringe Basis wird Ausgangspunkt eines dauerhaften Wachstum sein, selbst im Fall einer m\u00f6glichen Weltrezession.<\/li>\n<li><strong>Hohe Renditen<\/strong>: In vielen Wirtschaftsbereichen sind die Renditen deutlich h\u00f6her als in den ges\u00e4ttigten M\u00e4rkten der meisten westlichen Volkswirtschaften. Eine durchschnittliche Rendite (ROI) von 30 % ist auf dem afrikanischen Markt \u00fcblich. Unternehmerisches Handeln erm\u00f6glicht diese \u00fcberdurchschnittliche Renditen \u00fcberwiegend in jenen L\u00e4ndern, in denen der Zugang zu Kapital und Kreditlinien begrenzt ist.<\/li>\n<li><strong>Vielf\u00e4ltigkeit<\/strong>: Afrika besteht aus 54 L\u00e4ndern. Portfolio Manager k\u00f6nnen von der gro\u00dfen Vielfalt durch Streuung ihrer Best\u00e4nde in vielen Nationen, im Gegensatz zu einzelnen L\u00e4ndern wie China und Indien profitieren.<\/li>\n<li><strong>Kontinuierliche Demokratisierung<\/strong>: Anfang der 80er Jahre hatten 37 von 53 L\u00e4ndern undemokratische und autorit\u00e4re Regierungen. Heute sind es nur noch elf.<\/li>\n<\/ul>","protected":false},"excerpt":{"rendered":"<p>Afrika ist die attraktivste Wachstumsregion in der Welt. F\u00fcr eine lange Zeit blieb der Kontinent der letzte wei\u00dfe Fleck auf der Investitionslandschaft, aber das war die Vergangenheit. Investoren und Unternehmen aus der ganzen Welt beginnen, Afrikas M\u00f6glichkeiten zu erkunden. Es gibt viele Gr\u00fcnde, warum Afrika interessant geworden ist: Marktgr\u00f6\u00dfe: Afrika ist der zweit gr\u00f6\u00dfte Kontinent &hellip; <a href=\"https:\/\/www.afric-invest.com\/de\/investments\/\" class=\"more-link\"><span class=\"screen-reader-text\">Investitionen<\/span> weiterlesen <span class=\"meta-nav\">&rarr;<\/span><\/a><\/p>\n","protected":false},"author":2,"featured_media":0,"parent":0,"menu_order":3,"comment_status":"closed","ping_status":"closed","template":"","meta":{"footnotes":""},"class_list":["post-5","page","type-page","status-publish","hentry"],"_links":{"self":[{"href":"https:\/\/www.afric-invest.com\/de\/wp-json\/wp\/v2\/pages\/5","targetHints":{"allow":["GET"]}}],"collection":[{"href":"https:\/\/www.afric-invest.com\/de\/wp-json\/wp\/v2\/pages"}],"about":[{"href":"https:\/\/www.afric-invest.com\/de\/wp-json\/wp\/v2\/types\/page"}],"author":[{"embeddable":true,"href":"https:\/\/www.afric-invest.com\/de\/wp-json\/wp\/v2\/users\/2"}],"replies":[{"embeddable":true,"href":"https:\/\/www.afric-invest.com\/de\/wp-json\/wp\/v2\/comments?post=5"}],"version-history":[{"count":8,"href":"https:\/\/www.afric-invest.com\/de\/wp-json\/wp\/v2\/pages\/5\/revisions"}],"predecessor-version":[{"id":1560,"href":"https:\/\/www.afric-invest.com\/de\/wp-json\/wp\/v2\/pages\/5\/revisions\/1560"}],"wp:attachment":[{"href":"https:\/\/www.afric-invest.com\/de\/wp-json\/wp\/v2\/media?parent=5"}],"curies":[{"name":"wp","href":"https:\/\/api.w.org\/{rel}","templated":true}]}}