{"id":42,"date":"2013-03-12T09:35:42","date_gmt":"2013-03-12T08:35:42","guid":{"rendered":"http:\/\/www.afric-invest.com\/?page_id=42"},"modified":"2020-03-20T16:59:38","modified_gmt":"2020-03-20T15:59:38","slug":"legal-notice","status":"publish","type":"page","link":"https:\/\/www.afric-invest.com\/de\/about-us\/legal-notice\/","title":{"rendered":"Impressum"},"content":{"rendered":"<h2>afric-Invest<\/h2>\n<table border=\"0\">\n<tbody>\n<tr>\n<td><u>B\u00fcro Deutschland<\/u><br \/>\nDusira UG (haftungsbeschr\u00e4nkt)<br \/>\nMichael Patotschka<br \/>\nD\u00fcsseldorfer Str. 74<br \/>\nD-47051 Duisburg<br \/>\nNordrhein-Westfalen<br \/>\nDEUTSCHLAND<\/td>\n<td><u>B\u00fcro Nigeria<\/u><br \/>\nAfona Projects Ltd.<br \/>\nMichael Patotschka<br \/>\nNo.1 Afona Street<br \/>\nOff Ikoba-Hill, Benin City<br \/>\nEdo State<br \/>\nNIGERIA<\/td>\n<\/tr>\n<tr>\n<td><u>B\u00fcro Angola<\/u><br \/>\nNzinga Nimy Cato Servi\u00e7os LDA<br \/>\nMichael Patotschka<br \/>\nCentro Urban Bairro Nzagi No 38<br \/>\nLuanda<br \/>\nANGOLA<\/td>\n<td><\/td>\n<\/tr>\n<\/tbody>\n<\/table>\n<table border=\"0\">\n<tbody>\n<tr>\n<td>Tel.:<\/td>\n<td>+49 203 7134669<\/td>\n<\/tr>\n<tr>\n<td>Fax:<\/td>\n<td>+49 203 50068982<\/td>\n<\/tr>\n<tr>\n<td>Mobil:<\/td>\n<td>+49 173 7692688<\/td>\n<\/tr>\n<tr>\n<td>E-Mail:<\/td>\n<td><a title=\"Mail\" href=\"mailto:info@afric-invest.com\">info@afric-invest.com<\/a><\/td>\n<\/tr>\n<tr>\n<td>Internet:<\/td>\n<td><a title=\"afric-Invest\" href=\"http:\/\/www.afric-invest.com\/de\">www.afric-invest.com<\/a><\/td>\n<\/tr>\n<tr>\n<td>Facebook:<\/td>\n<td><a title=\"afric-Invest\" href=\"https:\/\/www.facebook.com\/afric-Invest-384339715109134\">facebook.com\/afric-Invest<\/a><\/td>\n<\/tr>\n<tr>\n<td>Twitter:<\/td>\n<td><a title=\"afric-Invest@africinvest\" href=\"https:\/\/twitter.com\/africinvest\">twitter.com\/africinvest<\/a><\/td>\n<\/tr>\n<tr>\n<td>Handelsregister:<\/td>\n<td>HRB 28185<\/td>\n<\/tr>\n<tr>\n<td>USt.-Id<\/td>\n<td>DE 304576013<\/td>\n<\/tr>\n<tr>\n<td>Gesch\u00e4ftsf\u00fchrer:<\/td>\n<td><a href=\"mailto:info@afric-invest.com\">Michael Patoschka<\/a><\/td>\n<\/tr>\n<tr>\n<td>Inhaltlich Verantwortlicher gem\u00e4\u00df<br \/>\n\u00a7 55 Abs. 2 RStV:<\/td>\n<td><a href=\"mailto:info@afric-invest.com\">Michael Patoschka<\/a><br \/>\n(Anschrift wie angegeben)<\/td>\n<\/tr>\n<\/tbody>\n<\/table>\n<p><!--\n\n\n<table border=\"0\" cellspacing=\"4\" cellpadding=\"4\">\n\n\n<tbody>\n\n\n<tr>\n\n\n<th colspan=\"2\">Webmaster<\/th>\n\n\n\n\n<th colspan=\"2\">Hosting<\/th>\n\n\n<\/tr>\n\n\n\n\n<tr>\n\n\n<td><img decoding=\"async\" title=\"Design\" src=\"http:\/\/www.armaturen-technik.com\/media\/images\/AT-editor.jpg\" alt=\"Design\" border=\"0\" \/><\/td>\n\n\n\n\n<td>Patrick Michel\n+49 160 1209073<\/td>\n\n\n\n\n<td><img decoding=\"async\" title=\"Hosting\" src=\"http:\/\/www.armaturen-technik.com\/media\/images\/AT-hosting.jpg\" alt=\"Hosting\" border=\"0\" \/><\/td>\n\n\n\n\n<td><a href=\"http:\/\/www.strato.de\">Strato AG<\/a>\n+49 30 3001460<\/td>\n\n\n<\/tr>\n\n\n\n\n<tr>\n\n\n<td colspan=\"2\"><a href=\"mailto:ptrckmchll@gmail.com\">ptrckmchl(at)gmail.com<\/a><\/td>\n\n\n\n\n<td colspan=\"2\"><a href=\"mailto:webmaster@afric-invest.com\">webmaster(at)afric-invest.com<\/a><\/td>\n\n\n<\/tr>\n\n\n<\/tbody>\n\n\n<\/table>\n\n\n--><\/p>\n<h3>Haftungsauschluss<\/h3>\n<p>Trotz sorgf\u00e4ltiger inhaltlicher Kontrolle \u00fcbernehmen wir keine Haftung f\u00fcr die Inhalte externer Links. F\u00fcr den Inhalt der verlinkten Seiten sind ausschlie\u00dflich deren Betreiber verantwortlich.","protected":false},"excerpt":{"rendered":"<p>afric-Invest B\u00fcro Deutschland Dusira UG (haftungsbeschr\u00e4nkt) Michael Patotschka D\u00fcsseldorfer Str. 74 D-47051 Duisburg Nordrhein-Westfalen DEUTSCHLAND B\u00fcro Nigeria Afona Projects Ltd. Michael Patotschka No.1 Afona Street Off Ikoba-Hill, Benin City Edo State NIGERIA B\u00fcro Angola Nzinga Nimy Cato Servi\u00e7os LDA Michael Patotschka Centro Urban Bairro Nzagi No 38 Luanda ANGOLA Tel.: +49 203 7134669 Fax: +49 &hellip; <a href=\"https:\/\/www.afric-invest.com\/de\/about-us\/legal-notice\/\" class=\"more-link\"><span class=\"screen-reader-text\">Impressum<\/span> weiterlesen <span class=\"meta-nav\">&rarr;<\/span><\/a><\/p>\n","protected":false},"author":2,"featured_media":0,"parent":188,"menu_order":2,"comment_status":"closed","ping_status":"closed","template":"","meta":{"footnotes":""},"class_list":["post-42","page","type-page","status-publish","hentry"],"_links":{"self":[{"href":"https:\/\/www.afric-invest.com\/de\/wp-json\/wp\/v2\/pages\/42","targetHints":{"allow":["GET"]}}],"collection":[{"href":"https:\/\/www.afric-invest.com\/de\/wp-json\/wp\/v2\/pages"}],"about":[{"href":"https:\/\/www.afric-invest.com\/de\/wp-json\/wp\/v2\/types\/page"}],"author":[{"embeddable":true,"href":"https:\/\/www.afric-invest.com\/de\/wp-json\/wp\/v2\/users\/2"}],"replies":[{"embeddable":true,"href":"https:\/\/www.afric-invest.com\/de\/wp-json\/wp\/v2\/comments?post=42"}],"version-history":[{"count":185,"href":"https:\/\/www.afric-invest.com\/de\/wp-json\/wp\/v2\/pages\/42\/revisions"}],"predecessor-version":[{"id":2976,"href":"https:\/\/www.afric-invest.com\/de\/wp-json\/wp\/v2\/pages\/42\/revisions\/2976"}],"up":[{"embeddable":true,"href":"https:\/\/www.afric-invest.com\/de\/wp-json\/wp\/v2\/pages\/188"}],"wp:attachment":[{"href":"https:\/\/www.afric-invest.com\/de\/wp-json\/wp\/v2\/media?parent=42"}],"curies":[{"name":"wp","href":"https:\/\/api.w.org\/{rel}","templated":true}]}}