{"id":37,"date":"2013-02-06T20:04:16","date_gmt":"2013-02-06T19:04:16","guid":{"rendered":"http:\/\/afric-invest.servehttp.com\/?page_id=37"},"modified":"2018-11-20T10:28:09","modified_gmt":"2018-11-20T09:28:09","slug":"federal-republic-of-nigeria","status":"publish","type":"page","link":"https:\/\/www.afric-invest.com\/de\/investments\/federal-republic-of-nigeria\/","title":{"rendered":"Bundesrepublik Nigeria"},"content":{"rendered":"<h3>Wirtschaft<\/h3>\n<p>Nigeria wird bereits als Schwellenland eingestuft und hat einen mittlerem Einkommens-Status nach Angaben der Weltbank erreicht. Doch das vergleichsweise hohe BIP mit durchschnittlich ca. 1450 US-Dollar pro Kopf ist \u00e4u\u00dferst ungleich verteilt. Ein weiteres gravierendes Problem stellt die Korruption dar, zudem ist die Wirtschaft wenig <a href=\"http:\/\/www.afric-invest.com\/de\/nigeria\/economic-diversification-and-non-oil-export-growth-back-on-the-front-burner\/\">diversifiziert<\/a> und stark von der Roh\u00f6lausfuhr abh\u00e4ngig.<\/p>\n<p>Zuvor wurde die wirtschaftliche Entwicklung durch Jahre der Milit\u00e4rherrschaft, Korruption und Mi\u00dfwirtschaft behindert. Durch die Wiederherstellung der Demokratie und durch anschlie\u00dfende wirtschaftliche Reformen hat Nigeria erfolgreich den Weg zur Erreichung seines vollen wirtschaftlichen Potenzials eingeleitet. Mit dem Ziel, ein reichhaltiges Angebot an nat\u00fcrlichen Ressourcen, gut entwickelter Finanzpl\u00e4tze, unabh\u00e4ngiger Rechtsprechung, Kommunikation, Verkehrsinfrastruktur zu entwickeln ist Nigeria mittlerweile die <a href=\"http:\/\/www.afric-invest.com\/de\/nigeria\/nigeria-is-the-largest-economy-in-africa\/\">gr\u00f6\u00dfte Volkswirtschaft<\/a> in Afrika und hat S\u00fcdafrika \u00fcberholt.<\/p>\n<p>S\u00fcdlich der Sahara ist Nigeria ist der gr\u00f6\u00dfte Handelspartner der Vereinigten Staaten und liefert ein F\u00fcnftel seines \u00d6ls in die USA. Dar\u00fcberhinaus z\u00e4hlt Nigeria zu dem 14. gr\u00f6\u00dften Exporteur von Waren in die USA. Umgekehrt sind die vereinigten Staaten der gr\u00f6\u00dfte ausl\u00e4ndische <a href=\"http:\/\/www.afric-invest.com\/de\/nigeria\/us-encourages-businesses-to-explore-africas-opportunities\/\">Investor<\/a> des Landes. Nach Einsch\u00e4tzung der Citigroup wird Nigeria das h\u00f6chste durchschnittliche BIP-Wachstum in der Welt zwischen 2010 bis 2050 erhalten <DHL>. Nigeria ist eines von zwei L\u00e4ndern aus Afrika, da\u00df unter den Top elf globalen wachstumsst\u00e4rksten L\u00e4ndern geh\u00f6rt.<\/p>\n<p>Zu den florierenden Gebieten z\u00e4hlen die Millionenmetropole Lagos sowie neuerdings auch die Hauptstadt Abuja. Weitere wirtschaftliche Zentren sind die Hafenstadt Port Harcourt und Kano im Norden. Da der S\u00fcden des Landes besser entwickelt ist, ziehen viele Menschen aus anderen Landesteilen aus wirtschaftlichen Motiven in den <a href=\"http:\/\/www.afric-invest.com\/de\/nigeria\/nigeria-to-build-first-industrial-park\/\">s\u00fcdlichen Landesteil<\/a> des Landes. Insgesamt sind 29 Industriegewerkschaften im Dachverband Nigeria Labour Congress (NLC) zusammengeschlossen. Ferner gibt es auch Gewerkschaften leitender Angestellter sowie Gewerkschaften von Freiberuflern.","protected":false},"excerpt":{"rendered":"<p>Wirtschaft Nigeria wird bereits als Schwellenland eingestuft und hat einen mittlerem Einkommens-Status nach Angaben der Weltbank erreicht. Doch das vergleichsweise hohe BIP mit durchschnittlich ca. 1450 US-Dollar pro Kopf ist \u00e4u\u00dferst ungleich verteilt. Ein weiteres gravierendes Problem stellt die Korruption dar, zudem ist die Wirtschaft wenig diversifiziert und stark von der Roh\u00f6lausfuhr abh\u00e4ngig. Zuvor wurde &hellip; <a href=\"https:\/\/www.afric-invest.com\/de\/investments\/federal-republic-of-nigeria\/\" class=\"more-link\"><span class=\"screen-reader-text\">Bundesrepublik Nigeria<\/span> weiterlesen <span class=\"meta-nav\">&rarr;<\/span><\/a><\/p>\n","protected":false},"author":1,"featured_media":0,"parent":5,"menu_order":2,"comment_status":"closed","ping_status":"closed","template":"","meta":{"footnotes":""},"class_list":["post-37","page","type-page","status-publish","hentry"],"_links":{"self":[{"href":"https:\/\/www.afric-invest.com\/de\/wp-json\/wp\/v2\/pages\/37","targetHints":{"allow":["GET"]}}],"collection":[{"href":"https:\/\/www.afric-invest.com\/de\/wp-json\/wp\/v2\/pages"}],"about":[{"href":"https:\/\/www.afric-invest.com\/de\/wp-json\/wp\/v2\/types\/page"}],"author":[{"embeddable":true,"href":"https:\/\/www.afric-invest.com\/de\/wp-json\/wp\/v2\/users\/1"}],"replies":[{"embeddable":true,"href":"https:\/\/www.afric-invest.com\/de\/wp-json\/wp\/v2\/comments?post=37"}],"version-history":[{"count":25,"href":"https:\/\/www.afric-invest.com\/de\/wp-json\/wp\/v2\/pages\/37\/revisions"}],"predecessor-version":[{"id":1577,"href":"https:\/\/www.afric-invest.com\/de\/wp-json\/wp\/v2\/pages\/37\/revisions\/1577"}],"up":[{"embeddable":true,"href":"https:\/\/www.afric-invest.com\/de\/wp-json\/wp\/v2\/pages\/5"}],"wp:attachment":[{"href":"https:\/\/www.afric-invest.com\/de\/wp-json\/wp\/v2\/media?parent=37"}],"curies":[{"name":"wp","href":"https:\/\/api.w.org\/{rel}","templated":true}]}}