{"id":35,"date":"2013-02-06T20:02:54","date_gmt":"2013-02-06T19:02:54","guid":{"rendered":"http:\/\/afric-invest.servehttp.com\/?page_id=35"},"modified":"2018-11-20T10:27:08","modified_gmt":"2018-11-20T09:27:08","slug":"republic-of-angola","status":"publish","type":"page","link":"https:\/\/www.afric-invest.com\/de\/investments\/republic-of-angola\/","title":{"rendered":"Republik Angola"},"content":{"rendered":"<h3>Wirtschaft<\/h3>\n<p>Mit einem Bruttoinlandsprodukt von 75,49 Milliarden US-Dollar (2009) geh\u00f6rt Angola zu den sechs st\u00e4rksten afrikanischen Volkswirtschaften. Gleichzeitig lebt ein gro\u00dfer Teil der Bev\u00f6lkerung in Armut.<\/p>\n<p>Angolas Wirtschaft leidet unter den Folgen des jahrzehntelangen B\u00fcrgerkriegs. Dank seiner Bodensch\u00e4tze \u2013 vorrangig der <a href=\"http:\/\/www.afric-invest.com\/de\/angola\/angola-seeks-to-use-oil-to-break-away-from-oil\/\">\u00d6lvorkommen<\/a> \u2013 gelang dem Land jedoch w\u00e4hrend der letzten Jahre ein gro\u00dfer wirtschaftlicher Aufschwung. Das Wirtschaftswachstum Angolas ist momentan das gr\u00f6\u00dfte in Afrika. Allerdings kommen die Eink\u00fcnfte aus den Rohstoffvorkommen nicht bei dem Gro\u00dfteil der Bev\u00f6lkerung an, sondern bei korrupten Nutznie\u00dfern innerhalb der politisch und \u00f6konomisch Herrschenden des Landes sowie einer sich langsam bildenden <a href=\"http:\/\/www.afric-invest.com\/de\/general\/growing-middle-class\/\">Mittelschicht<\/a>. Nicht zu Unrecht preisen daher in- und ausl\u00e4ndische Unternehmer Angola als eine Art <a href=\"http:\/\/www.afric-invest.com\/de\/angola\/establishment-of-companies-in-angola\/\">Paradies<\/a>. Ein gro\u00dfer Teil der B\u00fcrger ist arbeitslos und etwa die H\u00e4lfte leben unterhalb der Armutsgrenze, wobei es drastische Unterschiede zwischen Stadt und Land gibt. Eine Erhebung des Instituto Nacional de Estat\u00edstica von 2008 kommt zu dem Ergebnis, dass auf dem Lande rund 58% als arm zu betrachten waren, in den St\u00e4dten jedoch nur 19\u00a0%, insgesamt 37%. Die <a href=\"http:\/\/www.afric-invest.com\/de\/angola\/angola-estimated-population\/\">Gesamtbev\u00f6lkerung<\/a> wird mittlerweile auf 24 Millionen gesch\u00e4tzt. In den St\u00e4dten, in denen sich inzwischen mehr als 50% der Angolaner zusammenballen, ist die Mehrheit der Familien auf \u00dcberlebensstrategien angewiesen. Dort wird auch die soziale Ungleichheit am deutlichsten greifbar, insbesondere in Luanda. Im <a title=\"Human Development Index\" href=\"http:\/\/de.wikipedia.org\/wiki\/Human_Development_Index\">Human Development Index<\/a> der <a title=\"Vereinte Nationen\" href=\"http:\/\/de.wikipedia.org\/wiki\/Vereinte_Nationen\">UNO<\/a> nimmt Angola stets einen Platz unter den letzten ein. 2008 wies Angola auf dem <a title=\"Gini-Koeffizient\" href=\"http:\/\/de.wikipedia.org\/wiki\/Gini-Koeffizient\">Gini-Index<\/a>, der die Einkommensunterschiede in einem Land misst, den (sehr hohen) Wert von 0,62 auf.<\/p>\n<p>Die wichtigsten Handelspartner f\u00fcr den Export von G\u00fctern und Rohstoffen sind die USA, China, Frankreich, Belgien und Spanien. Importpartner sind \u00fcberwiegend Portugal, S\u00fcdafrika, USA, Frankreich und <a href=\"http:\/\/www.afric-invest.com\/de\/angola\/brazil-angola-internet-connection\/\">Brasilien<\/a>. 2009 entwickelte sich Angola f\u00fcr Portugal zum gr\u00f6\u00dften Exportmarkt au\u00dferhalb Europas, und rund 24.000 Portugiesen \u00fcbersiedelten in den letzten Jahren nach Angola, suchten dort Besch\u00e4ftigung oder gr\u00fcndeten Unternehmen. Erheblich wichtiger ist jedoch die <a href=\"http:\/\/www.afric-invest.com\/de\/angola\/beijing-largest-trading-partner-of-angola\/\">Pr\u00e4senz Chinas<\/a> in Form einer ganzen Reihe gro\u00dfer Unternehmen.","protected":false},"excerpt":{"rendered":"<p>Wirtschaft Mit einem Bruttoinlandsprodukt von 75,49 Milliarden US-Dollar (2009) geh\u00f6rt Angola zu den sechs st\u00e4rksten afrikanischen Volkswirtschaften. Gleichzeitig lebt ein gro\u00dfer Teil der Bev\u00f6lkerung in Armut. Angolas Wirtschaft leidet unter den Folgen des jahrzehntelangen B\u00fcrgerkriegs. Dank seiner Bodensch\u00e4tze \u2013 vorrangig der \u00d6lvorkommen \u2013 gelang dem Land jedoch w\u00e4hrend der letzten Jahre ein gro\u00dfer wirtschaftlicher Aufschwung. &hellip; <a href=\"https:\/\/www.afric-invest.com\/de\/investments\/republic-of-angola\/\" class=\"more-link\"><span class=\"screen-reader-text\">Republik Angola<\/span> weiterlesen <span class=\"meta-nav\">&rarr;<\/span><\/a><\/p>\n","protected":false},"author":1,"featured_media":0,"parent":5,"menu_order":0,"comment_status":"closed","ping_status":"closed","template":"","meta":{"footnotes":""},"class_list":["post-35","page","type-page","status-publish","hentry"],"_links":{"self":[{"href":"https:\/\/www.afric-invest.com\/de\/wp-json\/wp\/v2\/pages\/35","targetHints":{"allow":["GET"]}}],"collection":[{"href":"https:\/\/www.afric-invest.com\/de\/wp-json\/wp\/v2\/pages"}],"about":[{"href":"https:\/\/www.afric-invest.com\/de\/wp-json\/wp\/v2\/types\/page"}],"author":[{"embeddable":true,"href":"https:\/\/www.afric-invest.com\/de\/wp-json\/wp\/v2\/users\/1"}],"replies":[{"embeddable":true,"href":"https:\/\/www.afric-invest.com\/de\/wp-json\/wp\/v2\/comments?post=35"}],"version-history":[{"count":24,"href":"https:\/\/www.afric-invest.com\/de\/wp-json\/wp\/v2\/pages\/35\/revisions"}],"predecessor-version":[{"id":1578,"href":"https:\/\/www.afric-invest.com\/de\/wp-json\/wp\/v2\/pages\/35\/revisions\/1578"}],"up":[{"embeddable":true,"href":"https:\/\/www.afric-invest.com\/de\/wp-json\/wp\/v2\/pages\/5"}],"wp:attachment":[{"href":"https:\/\/www.afric-invest.com\/de\/wp-json\/wp\/v2\/media?parent=35"}],"curies":[{"name":"wp","href":"https:\/\/api.w.org\/{rel}","templated":true}]}}