{"id":188,"date":"2013-04-18T11:48:31","date_gmt":"2013-04-18T09:48:31","guid":{"rendered":"http:\/\/www.afric-invest.com\/?page_id=188"},"modified":"2024-03-07T17:38:29","modified_gmt":"2024-03-07T16:38:29","slug":"about-us","status":"publish","type":"page","link":"https:\/\/www.afric-invest.com\/de\/about-us\/","title":{"rendered":"\u00dcber uns"},"content":{"rendered":"<img loading=\"lazy\" decoding=\"async\" class=\"alignleft size-thumbnail wp-image-513\" src=\"http:\/\/www.afric-invest.com\/wp-content\/uploads\/logo-150x150.png\" alt=\"logo\" width=\"150\" height=\"150\" srcset=\"https:\/\/www.afric-invest.com\/wp-content\/uploads\/logo-150x150.png 150w, https:\/\/www.afric-invest.com\/wp-content\/uploads\/logo-100x100.png 100w, https:\/\/www.afric-invest.com\/wp-content\/uploads\/logo-300x300.png 300w, https:\/\/www.afric-invest.com\/wp-content\/uploads\/logo.png 362w\" sizes=\"auto, (max-width: 150px) 100vw, 150px\" \/>afric-Invest ist eine Initiative der Firma <a href=\"\/de\/legal-notice\/\">Afona Projects Ltd.<\/a>, die Unternehmen inspiriert in Partnerschaft mit lokalen afrikanischen Unternehmen auf den <a href=\"http:\/\/www.afric-invest.com\/de\/shop\">M\u00e4rkten<\/a> gemeinsam zu wachsen. Um Missverst\u00e4ndnissen vorzubeugen zeigt afric-Invest ein vollst\u00e4ndiges Bild von Afrikas Potenzial und beseitigt Hindernisse f\u00fcr potenziell neue Investoren. Die F\u00f6rderung des Kontinents gilt als einer der f\u00fchrenden Ziele f\u00fcr Investoren die eine innovative Gesch\u00e4ftspartnerschaft aufbauen wollen und f\u00fcr sich die Chancen und Potenziale in Afrika erkannt haben.<\/p>\n<p>Gute wirtschaftliche Organisation kann nicht nur einen Beitrag zur Verringerung der Armut leisten, sondern auch strategisch platzierten Unternehmen Investitionen im Sinne von Partnerschaften mit der Regierung und dem privaten Sektor garantieren. Gen\u00fcgend Wohlstand hilft afrikanische Nationen, ihre Entwicklungsziele zu erreichen.<\/p>\n<p>Afrika besitzt fast einem F\u00fcnftel der weltweiten nat\u00fcrlichen Ressourcen und hat mehr als eine halbe Milliarde Menschen. Mit weiterhin wachsenden Handelsbeziehungen zu Europa erkennt eine zunehmende Zahl neuer Unternehmen die Chancen auf dem Kontinent, die f\u00fcr beide Seiten vorteilhafte Partnerschaften und Investitionen bieten. Der Schl\u00fcssel zur Erschlie\u00dfung dieser M\u00f6glichkeiten ist die Entwicklung und Identifikation von <a href=\"http:\/\/www.afric-invest.com\/de\/category\/projects\">Finanzierungsprojekten<\/a> und starke Partnerschaften sowohl regional (in Afrika) und lokal. afric-Invest ber\u00e4t sowohl afrikanische als auch ausserafrikanische Unternehmen und Regierungen wie diese Chancen zu nutzen sind, indem ein Verst\u00e4ndnis von folgenden Punkten vermittelt wird:<\/p>\n<ol>\n<li>Was Investoren suchen.<\/li>\n<li>Wie werden Projekte entwickelt und strukturiert um entsprechende Mehrwerte zu schaffen.<\/li>\n<li>Wie Investoren Finanzierungsm\u00f6glichkeiten identifizieren.<\/li>\n<li>Wie Partnerschaften mit afrikanischen und deutschen Unternehmen\/Beh\u00f6rden zu strukturieren sind.<\/li>\n<\/ol>\n<p><img decoding=\"async\" src=\"https:\/\/www.afric-invest.com\/wp-content\/uploads\/CERT.-AFONA-PROJECTS-LIMITED.jpg\" alt=\"Certificate\" \/>","protected":false},"excerpt":{"rendered":"<p>afric-Invest ist eine Initiative der Firma Afona Projects Ltd., die Unternehmen inspiriert in Partnerschaft mit lokalen afrikanischen Unternehmen auf den M\u00e4rkten gemeinsam zu wachsen. Um Missverst\u00e4ndnissen vorzubeugen zeigt afric-Invest ein vollst\u00e4ndiges Bild von Afrikas Potenzial und beseitigt Hindernisse f\u00fcr potenziell neue Investoren. Die F\u00f6rderung des Kontinents gilt als einer der f\u00fchrenden Ziele f\u00fcr Investoren die &hellip; <a href=\"https:\/\/www.afric-invest.com\/de\/about-us\/\" class=\"more-link\"><span class=\"screen-reader-text\">\u00dcber uns<\/span> weiterlesen <span class=\"meta-nav\">&rarr;<\/span><\/a><\/p>\n","protected":false},"author":2,"featured_media":0,"parent":0,"menu_order":5,"comment_status":"closed","ping_status":"closed","template":"","meta":{"footnotes":""},"class_list":["post-188","page","type-page","status-publish","hentry"],"_links":{"self":[{"href":"https:\/\/www.afric-invest.com\/de\/wp-json\/wp\/v2\/pages\/188","targetHints":{"allow":["GET"]}}],"collection":[{"href":"https:\/\/www.afric-invest.com\/de\/wp-json\/wp\/v2\/pages"}],"about":[{"href":"https:\/\/www.afric-invest.com\/de\/wp-json\/wp\/v2\/types\/page"}],"author":[{"embeddable":true,"href":"https:\/\/www.afric-invest.com\/de\/wp-json\/wp\/v2\/users\/2"}],"replies":[{"embeddable":true,"href":"https:\/\/www.afric-invest.com\/de\/wp-json\/wp\/v2\/comments?post=188"}],"version-history":[{"count":76,"href":"https:\/\/www.afric-invest.com\/de\/wp-json\/wp\/v2\/pages\/188\/revisions"}],"predecessor-version":[{"id":3936,"href":"https:\/\/www.afric-invest.com\/de\/wp-json\/wp\/v2\/pages\/188\/revisions\/3936"}],"wp:attachment":[{"href":"https:\/\/www.afric-invest.com\/de\/wp-json\/wp\/v2\/media?parent=188"}],"curies":[{"name":"wp","href":"https:\/\/api.w.org\/{rel}","templated":true}]}}